{"id":116,"date":"2020-02-18T15:15:36","date_gmt":"2020-02-18T06:15:36","guid":{"rendered":"https:\/\/ainu-upopoy.jp\/en\/?page_id=116"},"modified":"2024-01-15T09:43:11","modified_gmt":"2024-01-15T00:43:11","slug":"outline","status":"publish","type":"page","link":"https:\/\/ainu-upopoy.jp\/en\/character\/outline\/","title":{"rendered":"Overview"},"content":{"rendered":"\n<div class=\"wp-block-group alignwide\" id=\"turepon_fan\"><div class=\"wp-block-group__inner-container is-layout-flow wp-block-group-is-layout-flow\">\n<div class=\"wp-block-group sect_block\" id=\"tureppon_whats\"><div class=\"wp-block-group__inner-container is-layout-flow wp-block-group-is-layout-flow\">\n<h2 class=\"has-text-align-center wp-block-heading\">  Upopoy mascot, TureppoN <\/h2>\n\n\n\n<div class=\"wp-block-image character_block is-style-default\"><figure class=\"aligncenter size-large\"><img decoding=\"async\" src=\"https:\/\/ainu-upopoy.jp\/wp-content\/uploads\/2020\/03\/tureppon-img-1.png\" alt=\"\" class=\"wp-image-931\"\/><\/figure><\/div>\n\n\n\n<ul class=\"wp-block-list\"><li> <\/li><\/ul>\n\n\n\n<p class=\"has-text-align-center\"><em><strong>TureppoN is a <i>turep<\/i> (giant lily bulb ) girl. <br>She lived in the soil when she was little. When she&#8217;s grown up, she&#8217;ll turn into <i>irup<\/i> (starch) and delicious food. <br>TureppoN enjoys life at a slower pace.  <\/strong><\/em><\/p>\n<\/div><\/div>\n\n\n\n<div class=\"wp-block-group sect_block\" id=\"tureppon_name\"><div class=\"wp-block-group__inner-container is-layout-flow wp-block-group-is-layout-flow\">\n<h2 class=\"has-text-align-center wp-block-heading\">How did TureppoN get her name?<\/h2>\n\n\n\n<ul><li><strong><i>Turep<\/i><br>Turep means \u201cthe bulb of a giant lily\u201d (Cardiocrinum cordatum var. glehnii) in the Ainu language. A perennial in the Cardiocrinum genus of lily, the giant lily is native to the forests of Hokkaido and northern Honshu.<\/strong><\/li><li><strong><i>po<\/i><br>In the Ainu language, po is added to the end of a word to indicate that something is small.<\/strong><\/li><li><strong>N<br>In Japanese, cuteness is often indicated by adding an \u201cn\u201d to the end of a word. TureppoN\u2019s name has a capital N because she\u2019s VERY cute! \u3000\u3000<\/strong><\/li><\/ul>\n<\/div><\/div>\n\n\n\n<div class=\"wp-block-group alignwide sect_block\" id=\"turepon_item\"><div class=\"wp-block-group__inner-container is-layout-flow wp-block-group-is-layout-flow\">\n<h2 class=\"has-text-align-center wp-block-heading\"> What is TureppoN holding? <\/h2>\n\n\n\n<div class=\"wp-block-media-text alignwide is-stacked-on-mobile img_s item_block\"><figure class=\"wp-block-media-text__media\"><img decoding=\"async\" src=\"https:\/\/ainu-upopoy.jp\/wp-content\/uploads\/2020\/03\/tureppon-item01.png\" alt=\"\" class=\"wp-image-1089\"\/><\/figure><div class=\"wp-block-media-text__content\">\n<h4 class=\"wp-block-heading\"><em>Turep-akam <\/em><\/h4>\n\n\n\n<p><em><i>Turep-akam<\/i> is a disc-shaped cake made from turep. TureppoN hands them out to any hungry people she meets. <\/em><\/p>\n<\/div><\/div>\n\n\n\n<div class=\"wp-block-media-text alignwide is-stacked-on-mobile img_s item_block\"><figure class=\"wp-block-media-text__media\"><img decoding=\"async\" src=\"https:\/\/ainu-upopoy.jp\/wp-content\/uploads\/2020\/03\/tureppon-item02.png\" alt=\"\" class=\"wp-image-1090\"\/><\/figure><div class=\"wp-block-media-text__content\">\n<h4 class=\"wp-block-heading\"><em>Turep <\/em>stem<\/h4>\n\n\n\n<p><em>TureppoN uses this very long stem as a walking stick. When the round putput (seed pods) on the stem turn brown, she scatters seeds on the ground to grow new friends. <\/em><\/p>\n<\/div><\/div>\n<\/div><\/div>\n\n\n\n<div class=\"wp-block-group\"><div class=\"wp-block-group__inner-container is-layout-flow wp-block-group-is-layout-flow\">\n<div class=\"wp-block-group sect_block\" id=\"tureppon_turep\"><div class=\"wp-block-group__inner-container is-layout-flow wp-block-group-is-layout-flow\">\n<h2 class=\"has-text-align-center wp-block-heading\"> Giant lilies <\/h2>\n\n\n\n<div class=\"wp-block-image is-style-default\"><figure class=\"aligncenter size-large\"><img decoding=\"async\" src=\"https:\/\/ainu-upopoy.jp\/wp-content\/uploads\/2020\/03\/tureppon-img01.jpg\" alt=\"\" class=\"wp-image-1082\"\/><figcaption>  <em>Turep<\/em> (giant lily bulb) <\/figcaption><\/figure><\/div>\n\n\n\n<p><em> Giant lilies can take almost ten years to grow from bulb to flower. The  number of leaves increases each year as the plant draws nutrients from  the soil. If the conditions are good, the plant will use these nutrients  to flower and produce seed pods. <br>You can tell whether a giant lily plant is young or whether it will flower this year by how the leaves are growing. <br><i>Turep<\/i>  is the Ainu word for the bulb of this plant, where all of the nutrients  are stored. Along with salmon and deer, this was a valuable source of  food for the Ainu, and the starch extracted from it can be used to make  non-perishable foods. Turep is also used as medicine.<br>The  picking season and processing methods vary depending on the region. In  Shiraoi, bulbs are collected in June or July and made into starch. The  fiber is fermented, then dried and stored. <\/em><\/p>\n\n\n\n<p class=\"note\"> Sources<br><em>Chiri, Mashiho (1976). Chiri Mashiho Chosaku Sh\u016bbunrui Ainu Jiten: Shokubutsuhen\/D\u014dbutsuhen [Mashiho Chiri Classified Dictionary of the Ainu Language: Plants and Animals]. Tokyo: Heibonsha.<br>Muraki, Miyuki (1996). (Zai) Ainu Minzoku Hakubutsukan Kenky\u016b H\u014dkoku [Ainu Museum Research Report] (5:27-38). Shiraoi Chih\u014d Ni Okeru \u014cubayuri No Kak\u014d Shori Oyobi Sono Riy\u014dh\u014d [Processing and Use of Giant Lilies in the Shiraoi Area]. Ainu Museum Foundation. <\/em><\/p>\n\n\n\n<div style=\"height:45px\" aria-hidden=\"true\" class=\"wp-block-spacer\"><\/div>\n\n\n\n<div class=\"wp-block-columns season_list is-layout-flex wp-container-core-columns-is-layout-1 wp-block-columns-is-layout-flex\">\n<div class=\"wp-block-column is-layout-flow wp-block-column-is-layout-flow\">\n<figure class=\"wp-block-image size-large\"><img decoding=\"async\" src=\"https:\/\/ainu-upopoy.jp\/wp-content\/uploads\/2020\/03\/tureppon-img02.jpg\" alt=\"\" class=\"wp-image-1076\"\/><\/figure>\n\n\n\n<h5 class=\"wp-block-heading\"> June <\/h5>\n\n\n\n<p>The leaves of young plants protrude from the soil. <\/p>\n<\/div>\n\n\n\n<div class=\"wp-block-column is-layout-flow wp-block-column-is-layout-flow\">\n<figure class=\"wp-block-image size-large\"><img decoding=\"async\" src=\"https:\/\/ainu-upopoy.jp\/wp-content\/uploads\/2020\/03\/tureppon-img03.jpg\" alt=\"\" class=\"wp-image-1077\"\/><\/figure>\n\n\n\n<h5 class=\"wp-block-heading\"> June <\/h5>\n\n\n\n<p> Mature plants extend thick stems from the ground with leaves attached.  The stems grow to a length of 1 &#8211; 1.5m before the flower buds appear. <\/p>\n<\/div>\n\n\n\n<div class=\"wp-block-column is-layout-flow wp-block-column-is-layout-flow\">\n<figure class=\"wp-block-image size-large\"><img decoding=\"async\" src=\"https:\/\/ainu-upopoy.jp\/wp-content\/uploads\/2020\/03\/tureppon-img04.jpg\" alt=\"\" class=\"wp-image-1078\"\/><\/figure>\n\n\n\n<h5 class=\"wp-block-heading\"> July <\/h5>\n\n\n\n<p> Between 5 and 20 flowers grow horizontally, with a length of 12cm and diameter of 6cm. The flowering period lasts for 5 days. <\/p>\n<\/div>\n\n\n\n<div class=\"wp-block-column is-layout-flow wp-block-column-is-layout-flow\">\n<figure class=\"wp-block-image size-large\"><img decoding=\"async\" src=\"https:\/\/ainu-upopoy.jp\/wp-content\/uploads\/2020\/03\/tureppon-img05.jpg\" alt=\"\" class=\"wp-image-1079\"\/><\/figure>\n\n\n\n<h5 class=\"wp-block-heading\"> August <\/h5>\n\n\n\n<p> Seeds are scattered from the pods by the wind. The bulbs underground wither during the winter, but some small bulbs may remain. <\/p>\n<\/div>\n<\/div>\n\n\n\n<div style=\"height:20px\" aria-hidden=\"true\" class=\"wp-block-spacer\"><\/div>\n<\/div><\/div>\n\n\n\n<div class=\"wp-block-group sect_block\" id=\"tureppon_more\"><div class=\"wp-block-group__inner-container is-layout-flow wp-block-group-is-layout-flow\">\n<h2 class=\"has-text-align-center wp-block-heading\"> Click below to learn more (Japanese only) <\/h2>\n\n\n\n<div class=\"wp-block-image is-style-default\"><figure class=\"aligncenter size-large\"><a href=\"https:\/\/ainugo.nam.go.jp\/siror\/\" target=\"_blank\" rel=\"noreferrer noopener\"><img decoding=\"async\" src=\"https:\/\/ainu-upopoy.jp\/wp-content\/uploads\/2020\/03\/bnr-ainu_museum.jpg\" alt=\"\" class=\"wp-image-1080\"\/><\/a><\/figure><\/div>\n<\/div><\/div>\n<\/div><\/div>\n\n\n\n<div class=\"wp-block-group\" id=\"tureppon_movie\"><div class=\"wp-block-group__inner-container is-layout-flow wp-block-group-is-layout-flow\">\n<h2 class=\"has-upopoy-red-color has-text-color has-text-align-center wp-block-heading\"> Catch TureppoN on YouTube! <\/h2>\n\n\n\n<p class=\"has-text-align-center\"> T<em>ureppoN is excited to show us her favorite things about Upopoy. You might even see an unexpected side of her! <\/em><\/p>\n\n\n\n<div class=\"wp-block-columns is-layout-flex wp-container-core-columns-is-layout-2 wp-block-columns-is-layout-flex\">\n<div class=\"wp-block-column is-layout-flow wp-block-column-is-layout-flow\">\n<figure class=\"wp-block-embed-youtube wp-block-embed is-type-video is-provider-youtube wp-embed-aspect-16-9 wp-has-aspect-ratio\"><div class=\"wp-block-embed__wrapper\">\n<iframe loading=\"lazy\" title=\"\u30a2\u30e4\u30dd! \u30a6\u30dd\u30dd\u30a4\u3010\u7b2c3\u56de\u3011\u3000\u535a\u7269\u9928\u7279\u5225\u5c55\u793a\u306b\u7a81\u6483\uff01\" width=\"500\" height=\"281\" src=\"https:\/\/www.youtube.com\/embed\/8nbv1mpk3hI?feature=oembed\" frameborder=\"0\" allow=\"accelerometer; autoplay; clipboard-write; encrypted-media; gyroscope; picture-in-picture; web-share\" referrerpolicy=\"strict-origin-when-cross-origin\" allowfullscreen><\/iframe>\n<\/div><\/figure>\n<\/div>\n\n\n\n<div class=\"wp-block-column is-layout-flow wp-block-column-is-layout-flow\">\n<figure class=\"wp-block-embed-youtube wp-block-embed is-type-video is-provider-youtube wp-embed-aspect-16-9 wp-has-aspect-ratio\"><div class=\"wp-block-embed__wrapper\">\n<iframe loading=\"lazy\" title=\"\u30a2\u30e4\u30dd! \u30a6\u30dd\u30dd\u30a4\u3010\u7b2c2\u56de\u3011ENG sub\u3000\u30a2\u30a4\u30cc\u306e\u3053\u3069\u3082\u306e\u3042\u305d\u3073\u306b\u6311\u6226\uff01\" width=\"500\" height=\"281\" src=\"https:\/\/www.youtube.com\/embed\/xMBPGKXRrJ4?feature=oembed\" frameborder=\"0\" allow=\"accelerometer; autoplay; clipboard-write; encrypted-media; gyroscope; picture-in-picture; web-share\" referrerpolicy=\"strict-origin-when-cross-origin\" allowfullscreen><\/iframe>\n<\/div><\/figure>\n<\/div>\n\n\n\n<div class=\"wp-block-column is-layout-flow wp-block-column-is-layout-flow\">\n<figure class=\"wp-block-embed-youtube wp-block-embed is-type-video is-provider-youtube wp-embed-aspect-16-9 wp-has-aspect-ratio\"><div class=\"wp-block-embed__wrapper\">\n<iframe loading=\"lazy\" title=\"\u30a2\u30e4\u30dd! \u30a6\u30dd\u30dd\u30a4\u3010\u7b2c1\u56de\u3011ENG sub\u3000\u30a6\u30dd\u30dd\u30a4\u5712\u5185\u7d39\u4ecb\" width=\"500\" height=\"281\" src=\"https:\/\/www.youtube.com\/embed\/gw-L5f4zXRM?feature=oembed\" frameborder=\"0\" allow=\"accelerometer; autoplay; clipboard-write; encrypted-media; gyroscope; picture-in-picture; web-share\" referrerpolicy=\"strict-origin-when-cross-origin\" allowfullscreen><\/iframe>\n<\/div><\/figure>\n<\/div>\n<\/div>\n\n\n\n<div class=\"wp-block-columns is-layout-flex wp-container-core-columns-is-layout-3 wp-block-columns-is-layout-flex\">\n<div class=\"wp-block-column is-layout-flow wp-block-column-is-layout-flow\">\n<figure class=\"wp-block-embed-youtube wp-block-embed is-type-video is-provider-youtube wp-embed-aspect-16-9 wp-has-aspect-ratio wp-embed-aspect-4-3\"><div class=\"wp-block-embed__wrapper\">\n<iframe loading=\"lazy\" title=\"\u304a\u304a\u304d\u306a\u5927\u304d\u306a\u308f\u3059\u308c\u7269\" width=\"500\" height=\"375\" src=\"https:\/\/www.youtube.com\/embed\/PCXscNdfKus?feature=oembed\" frameborder=\"0\" allow=\"accelerometer; autoplay; clipboard-write; encrypted-media; gyroscope; picture-in-picture; web-share\" referrerpolicy=\"strict-origin-when-cross-origin\" allowfullscreen><\/iframe>\n<\/div><\/figure>\n<\/div>\n\n\n\n<div class=\"wp-block-column is-layout-flow wp-block-column-is-layout-flow\">\n<figure class=\"wp-block-embed-youtube wp-block-embed is-type-video is-provider-youtube wp-embed-aspect-16-9 wp-has-aspect-ratio wp-embed-aspect-4-3\"><div class=\"wp-block-embed__wrapper\">\n<iframe loading=\"lazy\" title=\"\u308f\u3059\u308c\u7269\u3068\u98df\u3044\u3057\u3093\u307c\u3046\" width=\"500\" height=\"375\" src=\"https:\/\/www.youtube.com\/embed\/9Vq6qnfDWVY?feature=oembed\" frameborder=\"0\" allow=\"accelerometer; autoplay; clipboard-write; encrypted-media; gyroscope; picture-in-picture; web-share\" referrerpolicy=\"strict-origin-when-cross-origin\" allowfullscreen><\/iframe>\n<\/div><\/figure>\n<\/div>\n\n\n\n<div class=\"wp-block-column is-layout-flow wp-block-column-is-layout-flow\"><\/div>\n<\/div>\n<\/div><\/div>\n\n\n\n<div class=\"wp-block-group\" id=\"tureppon_goods\"><div class=\"wp-block-group__inner-container is-layout-flow wp-block-group-is-layout-flow\">\n<h2 class=\"has-upopoy-red-color has-text-color has-text-align-center wp-block-heading\">  There\u2019s always cute new merch! <\/h2>\n\n\n\n<p class=\"has-text-align-center\"> <em>You can buy TureppoN merch at the gift shops in Upopoy or from the online shop. <\/em><\/p>\n\n\n\n<div class=\"wp-block-image is-style-default\"><figure class=\"aligncenter size-large\"><img decoding=\"async\" src=\"https:\/\/ainu-upopoy.jp\/wp-content\/uploads\/2023\/02\/a1e972f2e93eb56cd91d36f8e6ecf895-1600x1067.jpg\" alt=\"\" class=\"wp-image-12245\"\/><\/figure><\/div>\n\n\n\n<div class=\"wp-block-image is-style-default\"><figure class=\"aligncenter size-large\"><a href=\"https:\/\/ainu-upopoy-museum.shop\" target=\"_blank\" rel=\"noreferrer noopener\"><img decoding=\"async\" src=\"https:\/\/ainu-upopoy.jp\/wp-content\/uploads\/2023\/02\/ECbanner_UPOPOY.jpg\" alt=\"\" class=\"wp-image-12243\"\/><\/a><\/figure><\/div>\n\n\n\n<p class=\"has-text-align-center\"> <a href=\"https:\/\/ainu-upopoy.jp\/en\/facility\/\">Click here for information about Upopoy\u2019s shops <\/a><\/p>\n<\/div><\/div>\n\n\n\n<div class=\"wp-block-group\" id=\"tureppon_ppc\"><div class=\"wp-block-group__inner-container is-layout-flow wp-block-group-is-layout-flow\">\n<h2 class=\"has-upopoy-red-color has-text-color has-text-align-center wp-block-heading\">   Make a paper model of TureppoN! <\/h2>\n\n\n\n<p class=\"has-text-align-center\"><em>  Decorate your home with a palm-sized 3D TureppoN model! <\/em><\/p>\n\n\n\n<div class=\"wp-block-image is-style-default\"><figure class=\"aligncenter size-large\"><img loading=\"lazy\" decoding=\"async\" width=\"456\" height=\"360\" src=\"https:\/\/ainu-upopoy.jp\/en\/wp-content\/uploads\/sites\/2\/2023\/04\/ea53f33c6b92c1fde121fb98baca5e6c.gif\" alt=\"\" class=\"wp-image-4066\"\/><\/figure><\/div>\n\n\n\n<p class=\"has-text-align-center btn_trpon\"> <a href=\"https:\/\/upopoy-magazine.jp\/papercraft\/index_en.html#anchor00\" target=\"_blank\" rel=\"noreferrer noopener\" aria-label=\" (\u65b0\u3057\u3044\u30bf\u30d6\u3067\u958b\u304f)\"> Download here <\/a><\/p>\n<\/div><\/div>\n\n\n\n<div class=\"wp-block-group\" id=\"tureppon_stamp\"><div class=\"wp-block-group__inner-container is-layout-flow wp-block-group-is-layout-flow\">\n<h2 class=\"has-upopoy-red-color has-text-color has-text-align-center wp-block-heading\">  TureppoN LINE stickers! <\/h2>\n\n\n\n<p class=\"has-text-align-center\">  <em>Spread the joy by sending these 24 cute stickers to your family and friends! <\/em><\/p>\n\n\n\n<div class=\"wp-block-image is-style-default\"><figure class=\"aligncenter size-large\"><img decoding=\"async\" src=\"https:\/\/ainu-upopoy.jp\/wp-content\/uploads\/2023\/02\/tureppon_line_stamp_pop-564x800-1.gif\" alt=\"\" class=\"wp-image-12244\"\/><\/figure><\/div>\n\n\n\n<p class=\"has-text-align-center btn_trpon\"> <a href=\"https:\/\/store.line.me\/stickershop\/product\/15604774\/ja\" target=\"_blank\" rel=\"noreferrer noopener\" aria-label=\"Available here  (\u65b0\u3057\u3044\u30bf\u30d6\u3067\u958b\u304f)\">Available here <\/a><\/p>\n<\/div><\/div>\n\n\n\n<div class=\"wp-block-group\" id=\"tureppon_virtual\"><div class=\"wp-block-group__inner-container is-layout-flow wp-block-group-is-layout-flow\">\n<h2 class=\"has-upopoy-red-color has-text-color has-text-align-center wp-block-heading\">  TureppoN is your companion in Virtual Upopoy! <\/h2>\n\n\n\n<p class=\"has-text-align-center\"> <em>Explore Upopoy together with TureppoN! Where can you find her? <\/em><\/p>\n\n\n\n<div class=\"wp-block-group inview_blk inview mv\"><div class=\"wp-block-group__inner-container is-layout-flow wp-block-group-is-layout-flow\">\n<blockquote data-width=\"1280\" data-height=\"600\" class=\"ricoh-theta-tour-image\" ><a href=\"https:\/\/r61226043.theta360.biz\/t\/8ecded44-5935-11eb-808c-0aec2ac0ed7a-1\"><\/a><\/blockquote><script async src=\"https:\/\/r61226043.theta360.biz\/t_widgets.js\" charset=\"utf-8\"><\/script>\n<\/div><\/div>\n<\/div><\/div>\n\n\n\n<div class=\"wp-block-group\" id=\"tureppon_wallpaper\"><div class=\"wp-block-group__inner-container is-layout-flow wp-block-group-is-layout-flow\">\n<h2 class=\"has-upopoy-red-color has-text-color has-text-align-center wp-block-heading\"> TureppoN desktop and phone wallpapers <\/h2>\n\n\n\n<p class=\"has-text-align-center\"> <em>Download these wallpapers to take TureppoN with you wherever you go!  <\/em><\/p>\n\n\n\n<h4 class=\"wp-block-heading\"> Desktop <\/h4>\n\n\n\n<div class=\"wp-block-columns is-layout-flex wp-container-core-columns-is-layout-4 wp-block-columns-is-layout-flex\">\n<div class=\"wp-block-column is-layout-flow wp-block-column-is-layout-flow\">\n<figure class=\"wp-block-image size-large is-style-default\"><a download=\"\" class=\"nopopup\" href=\"https:\/\/ainu-upopoy.jp\/wp-content\/uploads\/2023\/02\/pc_wp01.jpg\" target=\"_blank\" rel=\"noreferrer noopener\"><img decoding=\"async\" src=\"https:\/\/ainu-upopoy.jp\/wp-content\/uploads\/2023\/02\/f41c11e6a7d5eae9e8f134891f067dea-1-1600x900.jpg\" alt=\"\" class=\"wp-image-12247\"><\/a><figcaption>1920\u00d71080<\/figcaption><\/figure>\n<\/div>\n\n\n\n<div class=\"wp-block-column is-layout-flow wp-block-column-is-layout-flow\">\n<figure class=\"wp-block-image size-large is-style-default\"><a href=\"https:\/\/ainu-upopoy.jp\/wp-content\/uploads\/2023\/02\/pc_wp02.jpg\" download=\"\" class=\"nopopup\" target=\"_blank\" rel=\"noreferrer noopener\"><img decoding=\"async\" src=\"https:\/\/ainu-upopoy.jp\/wp-content\/uploads\/2023\/02\/c938b4d57d205c586483a3d4247d7b0c-1600x900.jpg\" alt=\"\" class=\"wp-image-12248\"><\/a><figcaption>1920\u00d71080<\/figcaption><\/figure>\n\n\n\n<p><\/p>\n<\/div>\n\n\n\n<div class=\"wp-block-column is-layout-flow wp-block-column-is-layout-flow\">\n<figure class=\"wp-block-image size-large is-style-default\"><a href=\"https:\/\/ainu-upopoy.jp\/wp-content\/uploads\/2023\/02\/pc_wp03.jpg\" download=\"\" class=\"nopopup\" target=\"_blank\" rel=\"noreferrer noopener\"><img decoding=\"async\" src=\"https:\/\/ainu-upopoy.jp\/wp-content\/uploads\/2023\/02\/11459ce518b9f9fb1f7fa8698960c472-1600x900.jpg\" alt=\"\" class=\"wp-image-12249\"><\/a><figcaption>1920\u00d71080<\/figcaption><\/figure>\n<\/div>\n<\/div>\n\n\n\n<h4 class=\"wp-block-heading\"> Phone <\/h4>\n\n\n\n<div class=\"wp-block-columns is-layout-flex wp-container-core-columns-is-layout-5 wp-block-columns-is-layout-flex\">\n<div class=\"wp-block-column is-layout-flow wp-block-column-is-layout-flow\">\n<figure class=\"wp-block-image size-large is-style-default\"><a download=\"\" class=\"nopopup\" href=\"https:\/\/ainu-upopoy.jp\/wp-content\/uploads\/2023\/02\/tureppon_spring-740x1600-3.jpg\"><img decoding=\"async\" src=\"https:\/\/ainu-upopoy.jp\/wp-content\/uploads\/2023\/02\/tureppon_spring-740x1600-2.jpg\" alt=\"\" class=\"wp-image-12256\"><\/a><figcaption> 1284\u00d72778 <\/figcaption><\/figure>\n<\/div>\n\n\n\n<div class=\"wp-block-column is-layout-flow wp-block-column-is-layout-flow\">\n<figure class=\"wp-block-image size-large is-style-default\"><a download=\"\" class=\"nopopup\" href=\"https:\/\/ainu-upopoy.jp\/wp-content\/uploads\/2023\/02\/tureppon_summer-740x1600-2.jpg\" target=\"_blank\" rel=\"noreferrer noopener\"><img decoding=\"async\" src=\"https:\/\/ainu-upopoy.jp\/wp-content\/uploads\/2023\/02\/tureppon_summer-740x1600-1.jpg\" alt=\"\" class=\"wp-image-12251\"><\/a><figcaption>1284\u00d72778<\/figcaption><\/figure>\n<\/div>\n\n\n\n<div class=\"wp-block-column is-layout-flow wp-block-column-is-layout-flow\">\n<figure class=\"wp-block-image size-large is-style-default\"><a download=\"\" class=\"nopopup\" href=\"https:\/\/ainu-upopoy.jp\/wp-content\/uploads\/2023\/02\/tureppon_autumn-740x1600-2.jpg\" target=\"_blank\" rel=\"noreferrer noopener\"><img decoding=\"async\" src=\"https:\/\/ainu-upopoy.jp\/wp-content\/uploads\/2023\/02\/tureppon_autumn-740x1600-1.jpg\" alt=\"\" class=\"wp-image-12252\"><\/a><figcaption>1284\u00d72778<\/figcaption><\/figure>\n<\/div>\n\n\n\n<div class=\"wp-block-column is-layout-flow wp-block-column-is-layout-flow\">\n<figure class=\"wp-block-image size-large is-style-default\"><a download=\"\" class=\"nopopup\" href=\"https:\/\/ainu-upopoy.jp\/wp-content\/uploads\/2023\/02\/tureppon_winter-740x1600-2.jpg\"><img decoding=\"async\" src=\"https:\/\/ainu-upopoy.jp\/wp-content\/uploads\/2023\/02\/tureppon_winter-740x1600-1.jpg\" alt=\"\" class=\"wp-image-12253\"><\/a><figcaption>1284\u00d72778<\/figcaption><\/figure>\n<\/div>\n<\/div>\n<\/div><\/div>\n\n\n\n<div class=\"wp-block-group\" id=\"tureppon_sns\"><div class=\"wp-block-group__inner-container is-layout-flow wp-block-group-is-layout-flow\">\n<h2 class=\"has-upopoy-red-color has-text-color has-text-align-center wp-block-heading\"> Follow TureppoN\u2019s adventures on social media! <\/h2>\n\n\n\n<div class=\"wp-block-columns is-layout-flex wp-container-core-columns-is-layout-6 wp-block-columns-is-layout-flex\">\n<div class=\"wp-block-column is-layout-flow wp-block-column-is-layout-flow\">\n<figure class=\"wp-block-image size-large\"><a href=\"https:\/\/www.facebook.com\/upopoy\/\" target=\"_blank\" rel=\"noreferrer noopener\"><img decoding=\"async\" src=\"https:\/\/ainu-upopoy.jp\/wp-content\/uploads\/2023\/02\/sns_img_fb.png\" alt=\"\" class=\"wp-image-12449\"\/><\/a><\/figure>\n<\/div>\n\n\n\n<div class=\"wp-block-column is-layout-flow wp-block-column-is-layout-flow\">\n<figure class=\"wp-block-image size-large\"><a href=\"https:\/\/www.instagram.com\/ainumuseumpark\/\" target=\"_blank\" rel=\"noreferrer noopener\"><img decoding=\"async\" src=\"https:\/\/ainu-upopoy.jp\/wp-content\/uploads\/2023\/02\/sns_img_ig.png\" alt=\"\" class=\"wp-image-12450\"\/><\/a><\/figure>\n<\/div>\n\n\n\n<div class=\"wp-block-column is-layout-flow wp-block-column-is-layout-flow\">\n<figure class=\"wp-block-image size-large\"><a href=\"https:\/\/www.youtube.com\/@upopoy\" target=\"_blank\" rel=\"noreferrer noopener\"><img decoding=\"async\" src=\"https:\/\/ainu-upopoy.jp\/wp-content\/uploads\/2023\/02\/sns_img_yt.png\" alt=\"\" class=\"wp-image-12451\"\/><\/a><\/figure>\n<\/div>\n<\/div>\n\n\n\n<figure class=\"wp-block-image size-large sns_trep_img is-style-default\"><img decoding=\"async\" src=\"https:\/\/ainu-upopoy.jp\/wp-content\/uploads\/2023\/02\/tureppon_img11.png\" alt=\"\" class=\"wp-image-12455\"\/><\/figure>\n<\/div><\/div>\n<\/div><\/div>\n","protected":false},"excerpt":{"rendered":"<p>Upopoy mascot, TureppoN TureppoN is a turep (giant lily bulb ) girl. She lived in the soil when she was little. When she&#8217;s grown up, she&#8217;ll turn into irup (starch) and delicious food. TureppoN enjoys life at a slower pace. How did TureppoN get her name? TurepTurep means \u201cthe bulb of a giant lily\u201d (Cardiocrinum cordatum var. glehnii) in the Ainu language. A perennial in the Cardiocrinum genus of lily, the giant lily is native to the forests of Hokkaido and northern Honshu. poIn the Ainu language, po is added to the end of a word to indicate that something is small. NIn Japanese, cuteness is often indicated by adding [&hellip;]<\/p>\n","protected":false},"author":1,"featured_media":0,"parent":45,"menu_order":103,"comment_status":"closed","ping_status":"closed","template":"","meta":{"inline_featured_image":false,"footnotes":""},"class_list":["post-116","page","type-page","status-publish","hentry"],"_links":{"self":[{"href":"https:\/\/ainu-upopoy.jp\/en\/wp-json\/wp\/v2\/pages\/116","targetHints":{"allow":["GET"]}}],"collection":[{"href":"https:\/\/ainu-upopoy.jp\/en\/wp-json\/wp\/v2\/pages"}],"about":[{"href":"https:\/\/ainu-upopoy.jp\/en\/wp-json\/wp\/v2\/types\/page"}],"author":[{"embeddable":true,"href":"https:\/\/ainu-upopoy.jp\/en\/wp-json\/wp\/v2\/users\/1"}],"replies":[{"embeddable":true,"href":"https:\/\/ainu-upopoy.jp\/en\/wp-json\/wp\/v2\/comments?post=116"}],"version-history":[{"count":33,"href":"https:\/\/ainu-upopoy.jp\/en\/wp-json\/wp\/v2\/pages\/116\/revisions"}],"predecessor-version":[{"id":4561,"href":"https:\/\/ainu-upopoy.jp\/en\/wp-json\/wp\/v2\/pages\/116\/revisions\/4561"}],"up":[{"embeddable":true,"href":"https:\/\/ainu-upopoy.jp\/en\/wp-json\/wp\/v2\/pages\/45"}],"wp:attachment":[{"href":"https:\/\/ainu-upopoy.jp\/en\/wp-json\/wp\/v2\/media?parent=116"}],"curies":[{"name":"wp","href":"https:\/\/api.w.org\/{rel}","templated":true}]}}